{"id":25,"date":"2016-07-21T10:16:03","date_gmt":"2016-07-21T10:16:03","guid":{"rendered":"http:\/\/impreza7.us-themes.com\/?page_id=25"},"modified":"2023-01-26T12:57:48","modified_gmt":"2023-01-26T11:57:48","slug":"home","status":"publish","type":"page","link":"https:\/\/napolikoszalin.pl\/restauracja\/","title":{"rendered":"Home"},"content":{"rendered":"<section class=\"l-section wpb_row height_auto\"><div class=\"l-section-h i-cf\"><div class=\"g-cols vc_row via_flex valign_top type_default stacking_default\"><div class=\"vc_col-sm-12 wpb_column vc_column_container\"><div class=\"vc_column-inner\"><div class=\"wpb_wrapper\">\n\t\t\t<!-- START Slider 1 REVOLUTION SLIDER 6.6.7 --><p class=\"rs-p-wp-fix\"><\/p>\n\t\t\t<rs-module-wrap id=\"rev_slider_1_1_wrapper\" data-source=\"gallery\" style=\"visibility:hidden;background:transparent;padding:0;\">\n\t\t\t\t<rs-module id=\"rev_slider_1_1\" style=\"\" data-version=\"6.6.7\">\n\t\t\t\t\t<rs-slides style=\"overflow: hidden; position: absolute;\">\n\t\t\t\t\t\t<rs-slide style=\"position: absolute;\" data-key=\"rs-1\" data-title=\"Slide\" data-anim=\"ms:1000;r:0;\" data-in=\"o:0;\" data-out=\"a:false;\">\n\t\t\t\t\t\t\t<img src=\"\/\/napolikoszalin.pl\/restauracja\/wp-content\/plugins\/revslider\/public\/assets\/assets\/dummy.png\" alt=\"\" title=\"1\" width=\"1920\" height=\"1280\" class=\"rev-slidebg tp-rs-img rs-lazyload\" data-lazyload=\"\/\/napolikoszalin.pl\/restauracja\/wp-content\/uploads\/2020\/06\/1.jpg\" data-panzoom=\"d:6000ms;ss:100;se:105%;\" data-no-retina>\n<!---->\t\t\t\t\t\t<\/rs-slide>\n\t\t\t\t\t\t<rs-slide style=\"position: absolute;\" data-key=\"rs-2\" data-title=\"Slide\" data-anim=\"ms:1000;r:0;\" data-in=\"o:0;\" data-out=\"a:false;\">\n\t\t\t\t\t\t\t<img src=\"\/\/napolikoszalin.pl\/restauracja\/wp-content\/plugins\/revslider\/public\/assets\/assets\/dummy.png\" alt=\"\" title=\"2\" width=\"1920\" height=\"1280\" class=\"rev-slidebg tp-rs-img rs-lazyload\" data-lazyload=\"\/\/napolikoszalin.pl\/restauracja\/wp-content\/uploads\/2020\/06\/2.jpg\" data-panzoom=\"d:6000ms;ss:100;se:105%;\" data-no-retina>\n<!---->\t\t\t\t\t\t<\/rs-slide>\n\t\t\t\t\t\t<rs-slide style=\"position: absolute;\" data-key=\"rs-3\" data-title=\"Slide\" data-anim=\"ms:1000;r:0;\" data-in=\"o:0;\" data-out=\"a:false;\">\n\t\t\t\t\t\t\t<img src=\"\/\/napolikoszalin.pl\/restauracja\/wp-content\/plugins\/revslider\/public\/assets\/assets\/dummy.png\" alt=\"\" title=\"3\" width=\"1920\" height=\"1280\" class=\"rev-slidebg tp-rs-img rs-lazyload\" data-lazyload=\"\/\/napolikoszalin.pl\/restauracja\/wp-content\/uploads\/2020\/06\/3.jpg\" data-panzoom=\"d:6000ms;ss:100;se:105%;\" data-no-retina>\n<!---->\t\t\t\t\t\t<\/rs-slide>\n\t\t\t\t\t\t<rs-slide style=\"position: absolute;\" data-key=\"rs-4\" data-title=\"Slide\" data-anim=\"ms:1000;r:0;\" data-in=\"o:0;\" data-out=\"a:false;\">\n\t\t\t\t\t\t\t<img src=\"\/\/napolikoszalin.pl\/restauracja\/wp-content\/plugins\/revslider\/public\/assets\/assets\/dummy.png\" alt=\"\" title=\"4\" width=\"1920\" height=\"1280\" class=\"rev-slidebg tp-rs-img rs-lazyload\" data-lazyload=\"\/\/napolikoszalin.pl\/restauracja\/wp-content\/uploads\/2020\/06\/4.jpg\" data-panzoom=\"d:6000ms;ss:100;se:105%;\" data-no-retina>\n<!---->\t\t\t\t\t\t<\/rs-slide>\n\t\t\t\t\t\t<rs-slide style=\"position: absolute;\" data-key=\"rs-5\" data-title=\"Slide\" data-anim=\"ms:1000;r:0;\" data-in=\"o:0;\" data-out=\"a:false;\">\n\t\t\t\t\t\t\t<img src=\"\/\/napolikoszalin.pl\/restauracja\/wp-content\/plugins\/revslider\/public\/assets\/assets\/dummy.png\" alt=\"\" title=\"5\" width=\"1920\" height=\"1280\" class=\"rev-slidebg tp-rs-img rs-lazyload\" data-lazyload=\"\/\/napolikoszalin.pl\/restauracja\/wp-content\/uploads\/2020\/06\/5.jpg\" data-panzoom=\"d:6000ms;ss:100;se:105%;\" data-no-retina>\n<!---->\t\t\t\t\t\t<\/rs-slide>\n\t\t\t\t\t\t<rs-slide style=\"position: absolute;\" data-key=\"rs-6\" data-title=\"Slide\" data-anim=\"ms:1000;r:0;\" data-in=\"o:0;\" data-out=\"a:false;\">\n\t\t\t\t\t\t\t<img src=\"\/\/napolikoszalin.pl\/restauracja\/wp-content\/plugins\/revslider\/public\/assets\/assets\/dummy.png\" alt=\"\" title=\"6\" width=\"1920\" height=\"1271\" class=\"rev-slidebg tp-rs-img rs-lazyload\" data-lazyload=\"\/\/napolikoszalin.pl\/restauracja\/wp-content\/uploads\/2020\/06\/6.jpg\" data-panzoom=\"d:6000ms;ss:100;se:105%;\" data-no-retina>\n<!---->\t\t\t\t\t\t<\/rs-slide>\n\t\t\t\t\t\t<rs-slide style=\"position: absolute;\" data-key=\"rs-7\" data-title=\"Slide\" data-anim=\"ms:1000;r:0;\" data-in=\"o:0;\" data-out=\"a:false;\">\n\t\t\t\t\t\t\t<img src=\"\/\/napolikoszalin.pl\/restauracja\/wp-content\/plugins\/revslider\/public\/assets\/assets\/dummy.png\" alt=\"\" title=\"7\" width=\"1920\" height=\"1280\" class=\"rev-slidebg tp-rs-img rs-lazyload\" data-lazyload=\"\/\/napolikoszalin.pl\/restauracja\/wp-content\/uploads\/2020\/06\/7.jpg\" data-panzoom=\"d:6000ms;ss:100;se:105%;\" data-no-retina>\n<!---->\t\t\t\t\t\t<\/rs-slide>\n\t\t\t\t\t\t<rs-slide style=\"position: absolute;\" data-key=\"rs-8\" data-title=\"Slide\" data-anim=\"ms:1000;r:0;\" data-in=\"o:0;\" data-out=\"a:false;\">\n\t\t\t\t\t\t\t<img src=\"\/\/napolikoszalin.pl\/restauracja\/wp-content\/plugins\/revslider\/public\/assets\/assets\/dummy.png\" alt=\"\" title=\"8\" width=\"1920\" height=\"1280\" class=\"rev-slidebg tp-rs-img rs-lazyload\" data-lazyload=\"\/\/napolikoszalin.pl\/restauracja\/wp-content\/uploads\/2020\/06\/8.jpg\" data-panzoom=\"d:6000ms;ss:100;se:105%;\" data-no-retina>\n<!---->\t\t\t\t\t\t<\/rs-slide>\n\t\t\t\t\t<\/rs-slides>\n\t\t\t\t<\/rs-module>\n\t\t\t\t<script>\n\t\t\t\t\tsetREVStartSize({c: 'rev_slider_1_1',rl:[1240,1024,778,480],el:[900],gw:[1240],gh:[900],type:'standard',justify:'',layout:'fullscreen',offsetContainer:'',offset:'',mh:\"0\"});if (window.RS_MODULES!==undefined && window.RS_MODULES.modules!==undefined && window.RS_MODULES.modules[\"revslider11\"]!==undefined) {window.RS_MODULES.modules[\"revslider11\"].once = false;window.revapi1 = undefined;if (window.RS_MODULES.checkMinimal!==undefined) window.RS_MODULES.checkMinimal()}\n\t\t\t\t<\/script>\n\t\t\t<\/rs-module-wrap>\n\t\t\t<!-- END REVOLUTION SLIDER -->\n<\/div><\/div><\/div><\/div><\/div><\/section><section class=\"l-section wpb_row height_medium\"><div class=\"l-section-h i-cf\"><div class=\"g-cols vc_row via_flex valign_top type_default stacking_default\"><div class=\"vc_col-sm-12 wpb_column vc_column_container us_animate_afb\"><div class=\"vc_column-inner\"><div class=\"wpb_wrapper\"><div class=\"wpb_text_column\"><div class=\"wpb_wrapper\"><p class=\"font-bold\" style=\"text-align: center; font-size: 34px;\">Napoli pizza &amp; pasta<\/p>\n<\/div><\/div><div class=\"w-separator size_medium\"><\/div><div class=\"g-cols wpb_row via_flex valign_top type_default stacking_default\"><div class=\"vc_col-sm-3 wpb_column vc_column_container\"><div class=\"vc_column-inner\"><div class=\"wpb_wrapper\"><div class=\"w-image align_none us_animate_afl\"><div class=\"w-image-h\"><img width=\"492\" height=\"316\" src=\"https:\/\/napolikoszalin.pl\/restauracja\/wp-content\/uploads\/2020\/06\/bazylia.jpg\" class=\"attachment-large size-large\" alt=\"\" decoding=\"async\" loading=\"lazy\" srcset=\"https:\/\/napolikoszalin.pl\/restauracja\/wp-content\/uploads\/2020\/06\/bazylia.jpg 492w, https:\/\/napolikoszalin.pl\/restauracja\/wp-content\/uploads\/2020\/06\/bazylia-300x193.jpg 300w\" sizes=\"(max-width: 492px) 100vw, 492px\" \/><\/div><\/div><\/div><\/div><\/div><div class=\"vc_col-sm-6 wpb_column vc_column_container\"><div class=\"vc_column-inner\"><div class=\"wpb_wrapper\"><div class=\"wpb_text_column\"><div class=\"wpb_wrapper\"><p style=\"text-align: center;\">W naszej restauracji pragniemy oferowa\u0107 go\u015bciom niesamowite doznania smakowe kuchni w\u0142oskiej. \u0141\u0105czymy nowoczesno\u015b\u0107 z przesz\u0142o\u015bci\u0105, inspirujemy si\u0119 \u0142\u0105czeniem znanych, tradycyjnych przepis\u00f3w wraz z nowoczesnym stylem gotowania. Ciasto na pizz\u0119 przygotowywane jest wed\u0142ug tradycyjnej neapolita\u0144skiej receptury. Charakteryzuje si\u0119 minimaln\u0105 ilo\u015bci\u0105 dro\u017cd\u017cy oraz d\u0142ugim i kontrolowanym procesem wyrastania. Dzi\u0119ki temu jest lekkostrawne. Wypiekana jest w piecu opalanym drewnem w temperaturze 480 stopni przez oko\u0142o 80 sekund. Szeroka gama przystawek przygotowanych z niezwyk\u0142\u0105 staranno\u015bci\u0105 i precyzj\u0105 zadowoli najbardziej wymagaj\u0105cych. \u015awie\u017ce I pyszne makarony domowe serwujemy z my\u015bl\u0105 o osobach, kt\u00f3re szukaj\u0105 smaku po\u0142udnia W\u0142och w naszym mie\u015bcie. Dodatkowo posmakowa\u0107 mog\u0105 Pa\u0144stwo doskona\u0142ych sa\u0142at, zup, owoc\u00f3w morza oraz da\u0144 mi\u0119snych. Do wszystkich potraw u\u017cywamy starannie wyselekcjonowanych, w\u0142oskich sk\u0142adnik\u00f3w najwy\u017cszej jako\u015bci. Wi\u0119kszo\u015b\u0107 naszych produkt\u00f3w posiada certyfikaty IGP \u2013 Chronione Pochodzenie Geograficzne oraz DOP \u2013 Chroniona Nazwa Pochodzenia. Dbanie o zadowolenie naszych go\u015bci oraz dostarczanie im smakowych wra\u017ce\u0144 jest nasz\u0105 misj\u0105, kt\u00f3r\u0105 pragniemy i uwielbiamy wykonywa\u0107 ka\u017cdego dnia.<\/p>\n<\/div><\/div><\/div><\/div><\/div><div class=\"vc_col-sm-3 wpb_column vc_column_container\"><div class=\"vc_column-inner\"><div class=\"wpb_wrapper\"><\/div><\/div><\/div><\/div><\/div><\/div><\/div><\/div><\/div><\/section><section class=\"l-section wpb_row height_small width_full\"><div class=\"l-section-h i-cf\"><div class=\"g-cols vc_row via_flex valign_top type_default stacking_default\"><div class=\"vc_col-sm-12 wpb_column vc_column_container us_animate_afb\"><div class=\"vc_column-inner\"><div class=\"wpb_wrapper\"><div class=\"w-grid type_grid layout_portfolio_5 cols_3 ratio_1x1\" id=\"us_grid_1\" data-filterable=\"true\"><style>#us_grid_1 .w-grid-item{padding:0.2rem}#us_grid_1 .w-grid-list{margin:-0.2rem}.w-grid + #us_grid_1 .w-grid-list,.w-grid-none + #us_grid_1 .w-grid-list{margin-top:0.2rem}@media (max-width:899px){#us_grid_1 .w-grid-item{width:50%}#us_grid_1 .w-grid-item.size_2x1,#us_grid_1 .w-grid-item.size_2x2{width:100%}}@media (max-width:599px){#us_grid_1 .w-grid-list{margin:0}#us_grid_1 .w-grid-item{width:100%;padding:0;margin-bottom:0.2rem}}#us_grid_1 .w-grid-item-h:before{padding-bottom:100%}.layout_portfolio_5 .w-grid-item-h:before{padding-bottom:100%}@media (min-width:600px){.layout_portfolio_5 .w-grid-item.size_1x2 .w-grid-item-h:before{padding-bottom:calc(200% + 0.2rem + 0.2rem)}.layout_portfolio_5 .w-grid-item.size_2x1 .w-grid-item-h:before{padding-bottom:calc(50% - 0.2rem * 1)}.layout_portfolio_5 .w-grid-item.size_2x2 .w-grid-item-h:before{padding-bottom:calc(100% - 0.2rem * 0)}}.layout_portfolio_5 .w-grid-item-h{background:var(--color-content-bg);color:var(--color-content-text)}.layout_portfolio_5 .usg_post_image_1{transition-duration:0.4s;transform-origin:50% 50%;transform:scale(1) translate(0%,0%)}.layout_portfolio_5 .w-grid-item-h:hover .usg_post_image_1{transform:scale(1.2) translate(0%,0%);opacity:1}.layout_portfolio_5 .usg_vwrapper_1{transition-duration:0.3s;transform-origin:50% 50%;transform:scale(0) translate(0%,0%);opacity:0}.layout_portfolio_5 .w-grid-item-h:hover .usg_vwrapper_1{transform:scale(1) translate(0%,0%);opacity:0.95}.layout_portfolio_5 .usg_post_image_1{position:absolute!important;top:0!important;right:0!important;bottom:0!important;left:0!important}.layout_portfolio_5 .usg_vwrapper_1{position:absolute!important;top:1.3rem!important;right:1.3rem!important;bottom:1.3rem!important;left:1.3rem!important;padding:2rem!important;background:inherit!important}.layout_portfolio_5 .usg_post_title_1{color:inherit!important;font-size:1.4rem!important}<\/style><div class=\"w-grid-list\">\t<article class=\"w-grid-item post-4072 attachment type-attachment status-inherit hentry\" data-id=\"4072\">\r\n\t\t<div class=\"w-grid-item-h\">\r\n\t\t\t\t\t\t\t<a class=\"w-grid-item-anchor\" href=\"https:\/\/napolikoszalin.pl\/restauracja\/wp-content\/uploads\/2020\/10\/S1A2503-1-scaled.jpg\" ref=\"magnificPopupGrid\" title=\"_S1A2503\"><\/a>\r\n\t\t\t\t\t\t<div class=\"w-post-elm post_image usg_post_image_1 stretched\"><img width=\"1024\" height=\"683\" src=\"https:\/\/napolikoszalin.pl\/restauracja\/wp-content\/uploads\/2020\/10\/S1A2503-1-1024x683.jpg\" class=\"attachment-large size-large\" alt=\"\" decoding=\"async\" loading=\"lazy\" srcset=\"https:\/\/napolikoszalin.pl\/restauracja\/wp-content\/uploads\/2020\/10\/S1A2503-1-1024x683.jpg 1024w, https:\/\/napolikoszalin.pl\/restauracja\/wp-content\/uploads\/2020\/10\/S1A2503-1-300x200.jpg 300w, https:\/\/napolikoszalin.pl\/restauracja\/wp-content\/uploads\/2020\/10\/S1A2503-1-1536x1024.jpg 1536w\" sizes=\"(max-width: 1024px) 100vw, 1024px\" \/><\/div><div class=\"w-vwrapper usg_vwrapper_1 align_center valign_middle\"><h2 class=\"w-post-elm post_title usg_post_title_1 has_text_color entry-title color_link_inherit\">_S1A2503<\/h2><\/div>\t\t<\/div>\r\n\t<\/article>\r\n\t<article class=\"w-grid-item post-4006 attachment type-attachment status-inherit hentry\" data-id=\"4006\">\r\n\t\t<div class=\"w-grid-item-h\">\r\n\t\t\t\t\t\t\t<a class=\"w-grid-item-anchor\" href=\"https:\/\/napolikoszalin.pl\/restauracja\/wp-content\/uploads\/2020\/06\/S1A2121.jpg\" ref=\"magnificPopupGrid\" title=\"_S1A2121\"><\/a>\r\n\t\t\t\t\t\t<div class=\"w-post-elm post_image usg_post_image_1 stretched\"><img width=\"1024\" height=\"682\" src=\"https:\/\/napolikoszalin.pl\/restauracja\/wp-content\/uploads\/2020\/06\/S1A2121-1024x682.jpg\" class=\"attachment-large size-large\" alt=\"\" decoding=\"async\" loading=\"lazy\" srcset=\"https:\/\/napolikoszalin.pl\/restauracja\/wp-content\/uploads\/2020\/06\/S1A2121-1024x682.jpg 1024w, https:\/\/napolikoszalin.pl\/restauracja\/wp-content\/uploads\/2020\/06\/S1A2121-300x200.jpg 300w, https:\/\/napolikoszalin.pl\/restauracja\/wp-content\/uploads\/2020\/06\/S1A2121.jpg 1400w\" sizes=\"(max-width: 1024px) 100vw, 1024px\" \/><\/div><div class=\"w-vwrapper usg_vwrapper_1 align_center valign_middle\"><h2 class=\"w-post-elm post_title usg_post_title_1 has_text_color entry-title color_link_inherit\">_S1A2121<\/h2><\/div>\t\t<\/div>\r\n\t<\/article>\r\n\t<article class=\"w-grid-item post-3800 attachment type-attachment status-inherit hentry\" data-id=\"3800\">\r\n\t\t<div class=\"w-grid-item-h\">\r\n\t\t\t\t\t\t\t<a class=\"w-grid-item-anchor\" href=\"https:\/\/napolikoszalin.pl\/restauracja\/wp-content\/uploads\/2020\/06\/IMG_3231-scaled.jpg\" ref=\"magnificPopupGrid\" title=\"IMG_3231\"><\/a>\r\n\t\t\t\t\t\t<div class=\"w-post-elm post_image usg_post_image_1 stretched\"><img width=\"1024\" height=\"789\" src=\"https:\/\/napolikoszalin.pl\/restauracja\/wp-content\/uploads\/2020\/06\/IMG_3231-1024x789.jpg\" class=\"attachment-large size-large\" alt=\"\" decoding=\"async\" loading=\"lazy\" srcset=\"https:\/\/napolikoszalin.pl\/restauracja\/wp-content\/uploads\/2020\/06\/IMG_3231-1024x789.jpg 1024w, https:\/\/napolikoszalin.pl\/restauracja\/wp-content\/uploads\/2020\/06\/IMG_3231-300x231.jpg 300w, https:\/\/napolikoszalin.pl\/restauracja\/wp-content\/uploads\/2020\/06\/IMG_3231-1536x1183.jpg 1536w\" sizes=\"(max-width: 1024px) 100vw, 1024px\" \/><\/div><div class=\"w-vwrapper usg_vwrapper_1 align_center valign_middle\"><h2 class=\"w-post-elm post_title usg_post_title_1 has_text_color entry-title color_link_inherit\">IMG_3231<\/h2><\/div>\t\t<\/div>\r\n\t<\/article>\r\n\t<article class=\"w-grid-item post-3799 attachment type-attachment status-inherit hentry\" data-id=\"3799\">\r\n\t\t<div class=\"w-grid-item-h\">\r\n\t\t\t\t\t\t\t<a class=\"w-grid-item-anchor\" href=\"https:\/\/napolikoszalin.pl\/restauracja\/wp-content\/uploads\/2020\/06\/IMG_2940.jpg\" ref=\"magnificPopupGrid\" title=\"IMG_2940\"><\/a>\r\n\t\t\t\t\t\t<div class=\"w-post-elm post_image usg_post_image_1 stretched\"><img width=\"1024\" height=\"768\" src=\"https:\/\/napolikoszalin.pl\/restauracja\/wp-content\/uploads\/2020\/06\/IMG_2940-1024x768.jpg\" class=\"attachment-large size-large\" alt=\"\" decoding=\"async\" loading=\"lazy\" srcset=\"https:\/\/napolikoszalin.pl\/restauracja\/wp-content\/uploads\/2020\/06\/IMG_2940-1024x768.jpg 1024w, https:\/\/napolikoszalin.pl\/restauracja\/wp-content\/uploads\/2020\/06\/IMG_2940-300x225.jpg 300w, https:\/\/napolikoszalin.pl\/restauracja\/wp-content\/uploads\/2020\/06\/IMG_2940-1536x1152.jpg 1536w, https:\/\/napolikoszalin.pl\/restauracja\/wp-content\/uploads\/2020\/06\/IMG_2940.jpg 1728w\" sizes=\"(max-width: 1024px) 100vw, 1024px\" \/><\/div><div class=\"w-vwrapper usg_vwrapper_1 align_center valign_middle\"><h2 class=\"w-post-elm post_title usg_post_title_1 has_text_color entry-title color_link_inherit\">IMG_2940<\/h2><\/div>\t\t<\/div>\r\n\t<\/article>\r\n\t<article class=\"w-grid-item post-3798 attachment type-attachment status-inherit hentry\" data-id=\"3798\">\r\n\t\t<div class=\"w-grid-item-h\">\r\n\t\t\t\t\t\t\t<a class=\"w-grid-item-anchor\" href=\"https:\/\/napolikoszalin.pl\/restauracja\/wp-content\/uploads\/2020\/06\/IMG_2681-scaled.jpg\" ref=\"magnificPopupGrid\" title=\"IMG_2681\"><\/a>\r\n\t\t\t\t\t\t<div class=\"w-post-elm post_image usg_post_image_1 stretched\"><img width=\"1024\" height=\"909\" src=\"https:\/\/napolikoszalin.pl\/restauracja\/wp-content\/uploads\/2020\/06\/IMG_2681-1024x909.jpg\" class=\"attachment-large size-large\" alt=\"\" decoding=\"async\" loading=\"lazy\" srcset=\"https:\/\/napolikoszalin.pl\/restauracja\/wp-content\/uploads\/2020\/06\/IMG_2681-1024x909.jpg 1024w, https:\/\/napolikoszalin.pl\/restauracja\/wp-content\/uploads\/2020\/06\/IMG_2681-300x266.jpg 300w, https:\/\/napolikoszalin.pl\/restauracja\/wp-content\/uploads\/2020\/06\/IMG_2681-1536x1363.jpg 1536w\" sizes=\"(max-width: 1024px) 100vw, 1024px\" \/><\/div><div class=\"w-vwrapper usg_vwrapper_1 align_center valign_middle\"><h2 class=\"w-post-elm post_title usg_post_title_1 has_text_color entry-title color_link_inherit\">IMG_2681<\/h2><\/div>\t\t<\/div>\r\n\t<\/article>\r\n\t<article class=\"w-grid-item post-3795 attachment type-attachment status-inherit hentry\" data-id=\"3795\">\r\n\t\t<div class=\"w-grid-item-h\">\r\n\t\t\t\t\t\t\t<a class=\"w-grid-item-anchor\" href=\"https:\/\/napolikoszalin.pl\/restauracja\/wp-content\/uploads\/2020\/06\/IMG_3443-scaled.jpg\" ref=\"magnificPopupGrid\" title=\"IMG_3443\"><\/a>\r\n\t\t\t\t\t\t<div class=\"w-post-elm post_image usg_post_image_1 stretched\"><img width=\"683\" height=\"1024\" src=\"https:\/\/napolikoszalin.pl\/restauracja\/wp-content\/uploads\/2020\/06\/IMG_3443-683x1024.jpg\" class=\"attachment-large size-large\" alt=\"\" decoding=\"async\" loading=\"lazy\" srcset=\"https:\/\/napolikoszalin.pl\/restauracja\/wp-content\/uploads\/2020\/06\/IMG_3443-683x1024.jpg 683w, https:\/\/napolikoszalin.pl\/restauracja\/wp-content\/uploads\/2020\/06\/IMG_3443-200x300.jpg 200w, https:\/\/napolikoszalin.pl\/restauracja\/wp-content\/uploads\/2020\/06\/IMG_3443-1024x1536.jpg 1024w, https:\/\/napolikoszalin.pl\/restauracja\/wp-content\/uploads\/2020\/06\/IMG_3443-scaled.jpg 1707w\" sizes=\"(max-width: 683px) 100vw, 683px\" \/><\/div><div class=\"w-vwrapper usg_vwrapper_1 align_center valign_middle\"><h2 class=\"w-post-elm post_title usg_post_title_1 has_text_color entry-title color_link_inherit\">IMG_3443<\/h2><\/div>\t\t<\/div>\r\n\t<\/article>\r\n<\/div><div class=\"w-grid-preloader\"><div class=\"g-preloader type_1\">\r\n\t<div><\/div>\r\n<\/div>\r\n<\/div>\t<div class=\"w-grid-json hidden\" onclick='return {&quot;action&quot;:&quot;us_ajax_grid&quot;,&quot;ajax_url&quot;:&quot;https:\\\/\\\/napolikoszalin.pl\\\/restauracja\\\/wp-admin\\\/admin-ajax.php&quot;,&quot;infinite_scroll&quot;:0,&quot;max_num_pages&quot;:1,&quot;pagination&quot;:&quot;none&quot;,&quot;permalink_url&quot;:&quot;https:\\\/\\\/napolikoszalin.pl\\\/restauracja\\\/wp-json\\\/wp\\\/v2\\\/pages\\\/25&quot;,&quot;template_vars&quot;:{&quot;columns&quot;:&quot;3&quot;,&quot;exclude_items&quot;:&quot;none&quot;,&quot;img_size&quot;:&quot;large&quot;,&quot;ignore_items_size&quot;:0,&quot;items_layout&quot;:&quot;portfolio_5&quot;,&quot;items_offset&quot;:&quot;1&quot;,&quot;load_animation&quot;:&quot;none&quot;,&quot;overriding_link&quot;:&quot;popup_post_image&quot;,&quot;post_id&quot;:25,&quot;query_args&quot;:{&quot;post_type&quot;:[&quot;attachment&quot;],&quot;post__in&quot;:[&quot;3800&quot;,&quot;4072&quot;,&quot;4006&quot;,&quot;3799&quot;,&quot;3798&quot;,&quot;3795&quot;],&quot;post_status&quot;:&quot;inherit&quot;,&quot;post_mime_type&quot;:&quot;image&quot;,&quot;posts_per_page&quot;:&quot;10&quot;},&quot;orderby_query_args&quot;:{&quot;orderby&quot;:{&quot;date&quot;:&quot;DESC&quot;}},&quot;type&quot;:&quot;grid&quot;,&quot;us_grid_ajax_index&quot;:1,&quot;us_grid_filter_params&quot;:null,&quot;us_grid_index&quot;:1,&quot;_us_grid_post_type&quot;:&quot;attachment&quot;}}'><\/div>\r\n\t<\/div><\/div><\/div><\/div><\/div><\/div><\/section><section class=\"l-section wpb_row height_medium color_primary\"><div class=\"l-section-h i-cf\"><div class=\"g-cols vc_row via_flex valign_top type_default stacking_default\"><div class=\"vc_col-sm-12 wpb_column vc_column_container us_animate_afb\"><div class=\"vc_column-inner\"><div class=\"wpb_wrapper\"><div class=\"w-image align_center\"><div class=\"w-image-h\"><img width=\"1024\" height=\"660\" src=\"https:\/\/napolikoszalin.pl\/restauracja\/wp-content\/uploads\/2020\/06\/pizza_napoletana-1024x660.png\" class=\"attachment-large size-large\" alt=\"\" decoding=\"async\" loading=\"lazy\" srcset=\"https:\/\/napolikoszalin.pl\/restauracja\/wp-content\/uploads\/2020\/06\/pizza_napoletana-1024x660.png 1024w, https:\/\/napolikoszalin.pl\/restauracja\/wp-content\/uploads\/2020\/06\/pizza_napoletana-300x193.png 300w, https:\/\/napolikoszalin.pl\/restauracja\/wp-content\/uploads\/2020\/06\/pizza_napoletana.png 1144w\" sizes=\"(max-width: 1024px) 100vw, 1024px\" \/><\/div><\/div><div class=\"w-separator size_medium\"><\/div><div class=\"g-cols wpb_row via_flex valign_top type_default stacking_default\"><div class=\"vc_col-sm-3 wpb_column vc_column_container\"><div class=\"vc_column-inner\"><div class=\"wpb_wrapper\"><\/div><\/div><\/div><div class=\"vc_col-sm-6 wpb_column vc_column_container\"><div class=\"vc_column-inner\"><div class=\"wpb_wrapper\"><div class=\"wpb_text_column\"><div class=\"wpb_wrapper\"><p style=\"text-align: center;\">Ciasto na pizze przygotowywane jest wed\u0142ug tradycyjnej neapolita\u0144skiej receptury. Charakteryzuje si\u0119 minimaln\u0105 ilo\u015bci\u0105 dro\u017cd\u017cy oraz d\u0142ugim i kontrolowanym procesem wyrastania. Dzi\u0119ki temu jest lekkostrawne.<\/p>\n<p style=\"text-align: center;\">Pizze przyrz\u0105dzane s\u0105 z wyselekcjonowanych produkt\u00f3w najwy\u017cszej jako\u015bci. Wi\u0119kszo\u015b\u0107 naszych produkt\u00f3w posiada certyfikaty: IGP, DOP.<\/p>\n<\/div><\/div><\/div><\/div><\/div><div class=\"vc_col-sm-3 wpb_column vc_column_container\"><div class=\"vc_column-inner\"><div class=\"wpb_wrapper\"><\/div><\/div><\/div><\/div><div class=\"w-separator size_medium\"><\/div><div class=\"w-image align_center\"><div class=\"w-image-h\"><img width=\"1024\" height=\"139\" src=\"https:\/\/napolikoszalin.pl\/restauracja\/wp-content\/uploads\/2020\/06\/pizza_napoletana-1-1024x139.png\" class=\"attachment-large size-large\" alt=\"\" decoding=\"async\" loading=\"lazy\" srcset=\"https:\/\/napolikoszalin.pl\/restauracja\/wp-content\/uploads\/2020\/06\/pizza_napoletana-1-1024x139.png 1024w, https:\/\/napolikoszalin.pl\/restauracja\/wp-content\/uploads\/2020\/06\/pizza_napoletana-1-300x41.png 300w, https:\/\/napolikoszalin.pl\/restauracja\/wp-content\/uploads\/2020\/06\/pizza_napoletana-1-1536x208.png 1536w, https:\/\/napolikoszalin.pl\/restauracja\/wp-content\/uploads\/2020\/06\/pizza_napoletana-1.png 1572w\" sizes=\"(max-width: 1024px) 100vw, 1024px\" \/><\/div><\/div><div class=\"w-separator size_medium\"><\/div><\/div><\/div><\/div><\/div><\/div><\/section><section class=\"l-section wpb_row height_medium\" id=\"kontakt\"><div class=\"l-section-h i-cf\"><div class=\"g-cols vc_row via_flex valign_top type_default stacking_default\"><div class=\"vc_col-sm-6 wpb_column vc_column_container\"><div class=\"vc_column-inner\"><div class=\"wpb_wrapper\"><div class=\"wpb_text_column\"><div class=\"wpb_wrapper\"><p><span class=\"font-bold\">ADRES:<\/span><br \/>\nNapoli pizza &amp; pasta<br \/>\nW\u0142adys\u0142awa IV 113 \/ Koszalin<\/p>\n<p><span class=\"font-bold\">OTWARTE:<\/span><br \/>\nwt. &#8211; niedz. 13:00 &#8211; 23:00<br \/>\npon. &#8211; zamkni\u0119te<\/p>\n<p><span class=\"font-bold\">KONTAKT:<\/span><br \/>\n\u2192 <a href=\"tel:943432627\">94 343 26 27<\/a><\/p>\n<p><span class=\"font-bold\">SOCIAL MEDIA:<\/span><br \/>\n\u2192 <a href=\"https:\/\/www.facebook.com\/napolikoszalin\/\">Facebook<\/a><br \/>\n\u2192 <a href=\"https:\/\/www.instagram.com\/napolikoszalin\/\">Instagram<\/a><\/p>\n<\/div><\/div><\/div><\/div><\/div><div class=\"vc_col-sm-6 wpb_column vc_column_container\"><div class=\"vc_column-inner\"><div class=\"wpb_wrapper\">[vc_raw_html]JTNDaWZyYW1lJTIwc3JjJTNEJTIyaHR0cHMlM0ElMkYlMkZ3d3cuZ29vZ2xlLmNvbSUyRm1hcHMlMkZlbWJlZCUzRnBiJTNEJTIxMW0xOCUyMTFtMTIlMjExbTMlMjExZDIzMzMuMzU5MDIxNDA5NDE0NyUyMTJkMTYuMTgwMzI0MzE1NjcxNDUlMjEzZDU0LjIwOTEzMjU4MDE2ODg1NSUyMTJtMyUyMTFmMCUyMTJmMCUyMTNmMCUyMTNtMiUyMTFpMTAyNCUyMTJpNzY4JTIxNGYxMy4xJTIxM20zJTIxMW0yJTIxMXMweDQ3MDFjZDQ0OGUyMDk3ZjclMjUzQTB4YjdkZmNjZTExMzU2MTc0OCUyMTJzTmFwb2xpJTI1MjBQaXp6YSUyNTIwJTI1MjYlMjUyMFBhc3RhJTIxNWUwJTIxM20yJTIxMXNwbCUyMTJzcGwlMjE0djE1OTEwOTYyODUzMzclMjE1bTIlMjExc3BsJTIxMnNwbCUyMiUyMHdpZHRoJTNEJTIyMTAwJTI1JTIyJTIwaGVpZ2h0JTNEJTIyNDUwJTIyJTIwZnJhbWVib3JkZXIlM0QlMjIwJTIyJTIwc3R5bGUlM0QlMjJib3JkZXIlM0EwJTNCJTIyJTIwYWxsb3dmdWxsc2NyZWVuJTNEJTIyJTIyJTIwYXJpYS1oaWRkZW4lM0QlMjJmYWxzZSUyMiUyMHRhYmluZGV4JTNEJTIyMCUyMiUzRSUzQyUyRmlmcmFtZSUzRQ==[\/vc_raw_html]<\/div><\/div><\/div><\/div><\/div><\/section>\n","protected":false},"excerpt":{"rendered":"","protected":false},"author":1,"featured_media":0,"parent":0,"menu_order":0,"comment_status":"closed","ping_status":"closed","template":"","meta":[],"_links":{"self":[{"href":"https:\/\/napolikoszalin.pl\/restauracja\/wp-json\/wp\/v2\/pages\/25"}],"collection":[{"href":"https:\/\/napolikoszalin.pl\/restauracja\/wp-json\/wp\/v2\/pages"}],"about":[{"href":"https:\/\/napolikoszalin.pl\/restauracja\/wp-json\/wp\/v2\/types\/page"}],"author":[{"embeddable":true,"href":"https:\/\/napolikoszalin.pl\/restauracja\/wp-json\/wp\/v2\/users\/1"}],"replies":[{"embeddable":true,"href":"https:\/\/napolikoszalin.pl\/restauracja\/wp-json\/wp\/v2\/comments?post=25"}],"version-history":[{"count":42,"href":"https:\/\/napolikoszalin.pl\/restauracja\/wp-json\/wp\/v2\/pages\/25\/revisions"}],"predecessor-version":[{"id":4338,"href":"https:\/\/napolikoszalin.pl\/restauracja\/wp-json\/wp\/v2\/pages\/25\/revisions\/4338"}],"wp:attachment":[{"href":"https:\/\/napolikoszalin.pl\/restauracja\/wp-json\/wp\/v2\/media?parent=25"}],"curies":[{"name":"wp","href":"https:\/\/api.w.org\/{rel}","templated":true}]}}