{"id":3885,"date":"2020-06-03T17:38:22","date_gmt":"2020-06-03T15:38:22","guid":{"rendered":"http:\/\/napolikoszalin.pl\/restauracja\/?page_id=3885"},"modified":"2025-08-21T20:28:40","modified_gmt":"2025-08-21T18:28:40","slug":"menu-dowoz","status":"publish","type":"page","link":"https:\/\/napolikoszalin.pl\/restauracja\/menu-dowoz\/","title":{"rendered":"menu-dow\u00f3z"},"content":{"rendered":"<section class=\"l-section wpb_row height_medium\"><div class=\"l-section-h i-cf\"><div class=\"g-cols vc_row via_flex valign_top type_default stacking_default\"><div class=\"vc_col-sm-12 wpb_column vc_column_container\"><div class=\"vc_column-inner type_sticky\"><div class=\"wpb_wrapper\"><div class=\"wpb_text_column menu-title\"><div class=\"wpb_wrapper\"><h2 style=\"text-align: center; font-size: 80px;\"><strong>Sprawd\u017a nasze menu<\/strong><\/h2>\n<\/div><\/div><div class=\"w-separator size_medium\"><\/div><div class=\"w-hwrapper hide_on_mobiles align_center valign_top\" style=\"--hwrapper-gap:1.20rem\"><div class=\"w-btn-wrapper align_none\"><a class=\"w-btn us-btn-style_3 us_custom_492179a4 pizza-button\" href=\"#pizza\"><span class=\"w-btn-label\">Pizza<\/span><\/a><\/div><div class=\"w-btn-wrapper align_none\"><a class=\"w-btn us-btn-style_1 us_custom_492179a4 pizza-button\" href=\"#dodatki\"><span class=\"w-btn-label\">Dodatki<\/span><\/a><\/div><div class=\"w-btn-wrapper align_none\"><a class=\"w-btn us-btn-style_1 us_custom_492179a4 pizza-button\" href=\"#napoje\"><span class=\"w-btn-label\">Napoje<\/span><\/a><\/div><div class=\"w-btn-wrapper align_none\"><a class=\"w-btn us-btn-style_1 us_custom_492179a4 pizza-button\" href=\"#piwa\"><span class=\"w-btn-label\">Piwa<\/span><\/a><\/div><\/div><div class=\"w-vwrapper hide_on_default hide_on_laptops hide_on_tablets align_center valign_top\"><div class=\"w-btn-wrapper align_left\"><a class=\"w-btn us-btn-style_1 us_custom_492179a4 pizza-button\" href=\"#pizza\"><span class=\"w-btn-label\">Pizza<\/span><\/a><\/div><div class=\"w-btn-wrapper align_left\"><a class=\"w-btn us-btn-style_1 us_custom_492179a4 pizza-button\" href=\"#dodatki\"><span class=\"w-btn-label\">Dodatki<\/span><\/a><\/div><div class=\"w-btn-wrapper align_left\"><a class=\"w-btn us-btn-style_1 us_custom_492179a4 pizza-button\" href=\"#napoje\"><span class=\"w-btn-label\">Napoje<\/span><\/a><\/div><div class=\"w-btn-wrapper align_left\"><a class=\"w-btn us-btn-style_1 us_custom_492179a4 pizza-button\" href=\"#piwa\"><span class=\"w-btn-label\">Piwa<\/span><\/a><\/div><\/div><div class=\"w-separator size_small\"><\/div><div class=\"wpb_text_column\"><div class=\"wpb_wrapper\"><h4 style=\"text-align: center;\">ROZMIARY PIZZY: 32\/42 cm<\/h4>\n<\/div><\/div><div class=\"wpb_text_column menu-pre\"><div class=\"wpb_wrapper\"><pre style=\"text-align: left; background: white;\">* cena ma\u0142ej pizzy (32cm) \/ cena du\u017cej\u00a0 (42cm)\r\n** do ka\u017cdej pizzy nale\u017cy doliczy\u0107 koszt opakowa\u0144 32cm - 2 z\u0142\/ 42 cm - 3 z\u0142<\/pre>\n<\/div><\/div><div class=\"w-separator size_medium\"><\/div><div class=\"wpb_text_column us_custom_492179a4 menu-category\" id=\"pizza\"><div class=\"wpb_wrapper\"><h3 style=\"text-align: center;\"><strong>Pizza<\/strong><\/h3>\n<\/div><\/div><div class=\"w-separator size_custom with_line width_default thick_1 style_solid color_border align_center\" style=\"height:30px\"><div class=\"w-separator-h\"><\/div><\/div><div class=\"w-separator size_custom with_line width_default thick_1 style_solid color_border align_center\" style=\"height:1px\"><div class=\"w-separator-h\"><\/div><\/div><div class=\"wpb_text_column\"><div class=\"wpb_wrapper\"><table style=\"width: 100%;\">\n<tbody>\n<tr>\n<th>MARGHERITA<\/th>\n<th><\/th>\n<\/tr>\n<tr>\n<td>Sos pomidorowy, ser grana padano, mozarella, \u015bwie\u017ca bazylia, oliwa<\/td>\n<td class=\"cena\" style=\"width: 150px;\"><strong>29\/45 z\u0142<\/strong><\/td>\n<\/tr>\n<tr>\n<th>FUNGHI<\/th>\n<th><\/th>\n<\/tr>\n<tr>\n<td>Sos pomidorowy, mozarella, pieczarki, oregano<\/td>\n<td class=\"cena\"><strong>31\/47 z\u0142<\/strong><\/td>\n<\/tr>\n<tr>\n<th>RUCOLINA<\/th>\n<th><\/th>\n<\/tr>\n<tr>\n<td>Sos pomidorowy, mozarella, po piecu: rukola, pomidory koktajlowe, ser grana padano<\/td>\n<td class=\"cena\"><strong>32\/48 z\u0142<\/strong><\/td>\n<\/tr>\n<tr>\n<th>PROSCIUTTO COTTO<\/th>\n<th><\/th>\n<\/tr>\n<tr>\n<td>Sos pomidorowy, mozarella, prosciutto cotto (w\u0142oska szynka gotowana), oregano<\/td>\n<td class=\"cena\"><strong>33\/49 z\u0142<\/strong><\/td>\n<\/tr>\n<tr>\n<th>PROSCIUTTO FUNGHI<\/th>\n<th><\/th>\n<\/tr>\n<tr>\n<td>Sos pomidorowy, mozarella, prosciutto cotto (w\u0142oska szynka gotowana), pieczarki, oregano<\/td>\n<td class=\"cena\"><strong>35\/51 z\u0142<\/strong><\/td>\n<\/tr>\n<tr>\n<th>VEGETARIANA<\/th>\n<th><\/th>\n<\/tr>\n<tr>\n<td>Sos pomidorowy, mozarella, pieczarki, oliwki, suszone pomidory, czerwona cebula, oregano<\/td>\n<td class=\"cena\"><strong>36\/52 z\u0142<\/strong><\/td>\n<\/tr>\n<tr>\n<th><\/th>\n<th><\/th>\n<\/tr>\n<tr>\n<td><\/td>\n<td class=\"cena\"><\/td>\n<\/tr>\n<tr>\n<th>SALAME<\/th>\n<th><\/th>\n<\/tr>\n<tr>\n<td>Sos pomidorowy, mozarella, salami napoli, czerwona cebula<\/td>\n<td class=\"cena\"><strong>36\/52 z\u0142<\/strong><\/td>\n<\/tr>\n<tr>\n<th>SALAME PICCANTE<\/th>\n<th><\/th>\n<\/tr>\n<tr>\n<td>Sos pomidorowy, mozarella, pikantne salami, siekany czosnek<\/td>\n<td class=\"cena\"><strong>36\/52 z\u0142<\/strong><\/td>\n<\/tr>\n<tr>\n<th><\/th>\n<th><\/th>\n<\/tr>\n<tr>\n<td><\/td>\n<td class=\"cena\"><\/td>\n<\/tr>\n<tr>\n<th>TORINO<\/th>\n<th><\/th>\n<\/tr>\n<tr>\n<td>Sos pomidorowy, mozarella, prosciutto cotto (w\u0142oska szynka gotowana), pieczarki, czerwona cebula, oregano<\/td>\n<td class=\"cena\"><strong>37\/53 z\u0142<\/strong><\/td>\n<\/tr>\n<tr>\n<th>NAPOLI<\/th>\n<td class=\"cena\"><strong>38\/54 z\u0142<\/strong><\/td>\n<\/tr>\n<tr>\n<td>Sos pomidorowy, mozarella, speck (w\u0142oski boczek w\u0119dzony), pieczarki, w\u0119dzona mozzarella<\/td>\n<td class=\"cena\"><\/td>\n<\/tr>\n<tr>\n<th>PALERMO<\/th>\n<th><\/th>\n<\/tr>\n<tr>\n<td>Sos pomidorowy, mozarella, salsiccia (w\u0142oska kie\u0142basa), friarielli (broku\u0142y neapolita\u0144skie)<br \/>\nczerwona cebula<\/td>\n<td class=\"cena\"><strong>38\/54 z\u0142<\/strong><\/td>\n<\/tr>\n<tr>\n<th>SALSICCIA<\/th>\n<th><\/th>\n<\/tr>\n<tr>\n<td>Sos \u015bmietanowy, ser grana padano, mozarella, friarielli (broku\u0142y neapolita\u0144skie), salsiccia (w\u0142oska kie\u0142basa), w\u0119dzona mozzarella<\/td>\n<td class=\"cena\"><strong>38\/54 z\u0142<\/strong><\/td>\n<\/tr>\n<tr>\n<th>PANCETTA<\/th>\n<th><\/th>\n<\/tr>\n<tr>\n<td>Sos pomidorowy, mozarella, pancetta, n\u2019duja (pikantna kie\u0142basa z Kalabrii), czerwona cebula<\/td>\n<td class=\"cena\"><strong>38\/54 z\u0142<\/strong><\/td>\n<\/tr>\n<tr>\n<th>MASCARPONE<\/th>\n<th><\/th>\n<\/tr>\n<tr>\n<td>Sos \u015bmietanowy, ser grana padano, mozarella, pancetta, suszone pomidory, po piecu: rukola, mascarpone<\/td>\n<td class=\"cena\"><strong>39\/55 z\u0142<\/strong><\/td>\n<\/tr>\n<tr>\n<th>PROSCIUTTO CRUDO<\/th>\n<th><\/th>\n<\/tr>\n<tr>\n<td>Sos pomidorowy, mozzarella fior di latte, po piecu: rukola,<br \/>\nprosciutto crudo (w\u0142oska szynka dojrzewaj\u0105ca), pomidory<br \/>\nkoktajlowe, ser grana padano, oliwa<\/td>\n<td class=\"cena\"><strong>39\/55 z\u0142<\/strong><\/td>\n<\/tr>\n<tr>\n<th>CAPRICCIOSA<\/th>\n<th><\/th>\n<\/tr>\n<tr>\n<td>Sos pomidorowy, mozarella, prosciutto cotto (w\u0142oska szynka gotowana), pieczarki, oliwki, karczochy, oregano<\/td>\n<td class=\"cena\"><strong>39\/55 z\u0142<\/strong><\/td>\n<\/tr>\n<tr>\n<th><\/th>\n<th><\/th>\n<\/tr>\n<tr>\n<td><\/td>\n<td class=\"cena\"><\/td>\n<\/tr>\n<tr>\n<th>QUATTRO FORMAGGI<\/th>\n<th><\/th>\n<\/tr>\n<tr>\n<td>Sos pomidorowy, ser grana padano, mozarella, mascarpone, gorgonzola<\/td>\n<td class=\"cena\"><strong>39\/55 z\u0142<\/strong><\/td>\n<\/tr>\n<tr>\n<th>DIAVOLA<\/th>\n<th><\/th>\n<\/tr>\n<tr>\n<td>Sos pomidorowy, mozarella, pikantne salami, oliwki, suszone pomidory, czerwona cebula<\/td>\n<td class=\"cena\"><strong>39\/55 z\u0142<\/strong><\/td>\n<\/tr>\n<tr>\n<th><\/th>\n<th><\/th>\n<\/tr>\n<tr>\n<td><\/td>\n<td class=\"cena\"><\/td>\n<\/tr>\n<tr>\n<th>MILANO<\/th>\n<th><\/th>\n<\/tr>\n<tr>\n<td>Sos \u015bmietanowy, ser grana padano, mozarella, gorgonzola, salami napoli, po piecu: rukola, pomidory koktajlowe<\/td>\n<td class=\"cena\"><strong>40\/56 z\u0142<\/strong><\/td>\n<\/tr>\n<tr>\n<th>BURRATA<\/th>\n<th><\/th>\n<\/tr>\n<tr>\n<td>Pomidory pelati, oregano, po piecu: pomidory koktajlowe, \u015bwie\u017ca bazylia, burrata, pesto bazyliowe<\/td>\n<td class=\"cena\"><strong>41\/57 z\u0142<\/strong><\/td>\n<\/tr>\n<tr>\n<th>SPINATA TARTUFFO<\/th>\n<th><\/th>\n<\/tr>\n<tr>\n<td>Pasta truflowa, mozzarella fior di latte, mascarpone, spianata (pikantne salami z Kalabrii)<\/td>\n<td class=\"cena\"><strong>41\/57 z\u0142<\/strong><\/td>\n<\/tr>\n<tr>\n<th>DOLCE CALABRIA<\/th>\n<th><\/th>\n<\/tr>\n<tr>\n<td>Pomidory pelati, mozzarella fior di latte, spianata (pikantne salami z Kalabrii), czerwona cebula, mascarpone, mi\u00f3d<\/td>\n<td class=\"cena\"><strong>41\/57 z\u0142<\/strong><\/td>\n<\/tr>\n<tr>\n<th>CARNE<\/th>\n<th><\/th>\n<\/tr>\n<tr>\n<td>Sos pomidorowy, mozzarella, salsiccia (w\u0142oska kie\u0142basa), pikantne salami, salami napoli, czerwona cebula, siekany czosnek<\/td>\n<td class=\"cena\"><strong>43\/59 z\u0142<br \/>\n<\/strong><\/td>\n<\/tr>\n<tr>\n<th>MORTADELLA E PISTACCHIO<\/th>\n<th><\/th>\n<\/tr>\n<tr>\n<td>Oliwa, ser grana padano, mozzarella fior di latte, po piecu: mortadella z pistacjami, pesto pistacjowe, burrata, siekane pistacje<\/td>\n<td class=\"cena\"><strong>44\/60 z\u0142<br \/>\n<\/strong><\/td>\n<\/tr>\n<\/tbody>\n<\/table>\n<\/div><\/div><div class=\"w-separator size_custom\" style=\"height:20px\"><\/div><div class=\"w-separator size_custom with_line width_default thick_1 style_solid color_border align_center\" style=\"height:5px\"><div class=\"w-separator-h\"><\/div><\/div><div class=\"w-separator size_custom with_line width_default thick_1 style_solid color_border align_center\" style=\"height:20px\"><div class=\"w-separator-h\"><\/div><\/div><div class=\"w-separator size_custom\" style=\"height:50px\"><\/div><div class=\"wpb_text_column us_custom_492179a4 menu-category\" id=\"dodatki\"><div class=\"wpb_wrapper\"><h3 style=\"text-align: center;\"><strong>Dodatki<\/strong><\/h3>\n<\/div><\/div><div class=\"w-separator size_custom\" style=\"height:50px\"><\/div><div class=\"w-separator size_custom\" style=\"height:20px\"><\/div><div class=\"w-separator size_custom with_line width_default thick_1 style_solid color_border align_center\" style=\"height:5px\"><div class=\"w-separator-h\"><\/div><\/div><div class=\"w-separator size_custom with_line width_default thick_1 style_solid color_border align_center\" style=\"height:20px\"><div class=\"w-separator-h\"><\/div><\/div><div class=\"wpb_text_column\"><div class=\"wpb_wrapper\"><table style=\"width: 100%;\">\n<tbody>\n<tr>\n<th>MI\u0118SO<\/th>\n<th class=\"cena\">6 z\u0142<\/th>\n<\/tr>\n<tr>\n<td><\/td>\n<td class=\"cena\"><\/td>\n<\/tr>\n<tr>\n<th>SER<\/th>\n<th class=\"cena\">5 z\u0142<\/th>\n<\/tr>\n<tr>\n<td><\/td>\n<td class=\"cena\"><\/td>\n<\/tr>\n<tr>\n<th>OLIWKI W\u0141OSKIE<\/th>\n<th class=\"cena\">4 z\u0142<\/th>\n<\/tr>\n<tr>\n<td><\/td>\n<td class=\"cena\"><\/td>\n<\/tr>\n<tr>\n<th>WARZYWA<\/th>\n<th class=\"cena\">3 z\u0142<\/th>\n<\/tr>\n<tr>\n<td><\/td>\n<td class=\"cena\"><\/td>\n<\/tr>\n<tr>\n<th>SOS CZOSNKOWY<\/th>\n<th class=\"cena\">3 z\u0142<\/th>\n<\/tr>\n<tr>\n<td><\/td>\n<td class=\"cena\"><\/td>\n<\/tr>\n<tr>\n<th>OLIWA EXTRA VIRGIN<\/th>\n<th class=\"cena\">3 z\u0142<\/th>\n<\/tr>\n<tr>\n<td><\/td>\n<td class=\"cena\"><\/td>\n<\/tr>\n<tr>\n<th>OLIWA CZOSNKOWA<\/th>\n<th class=\"cena\">3 z\u0142<\/th>\n<\/tr>\n<tr>\n<td><\/td>\n<td class=\"cena\"><\/td>\n<\/tr>\n<tr>\n<th>OLIWA OSTRA<\/th>\n<th class=\"cena\">3 z\u0142<\/th>\n<\/tr>\n<tr>\n<td><\/td>\n<td class=\"cena\"><\/td>\n<\/tr>\n<\/tbody>\n<\/table>\n<\/div><\/div><div class=\"w-separator size_custom\" style=\"height:20px\"><\/div><div class=\"w-separator size_custom with_line width_default thick_1 style_solid color_border align_center\" style=\"height:5px\"><div class=\"w-separator-h\"><\/div><\/div><div class=\"w-separator size_custom with_line width_default thick_1 style_solid color_border align_center\" style=\"height:20px\"><div class=\"w-separator-h\"><\/div><\/div><div class=\"w-separator size_custom\" style=\"height:50px\"><\/div><div class=\"wpb_text_column us_custom_492179a4 menu-category\" id=\"napoje\"><div class=\"wpb_wrapper\"><h3 style=\"text-align: center;\"><strong>Napoje<\/strong><\/h3>\n<\/div><\/div><div class=\"w-separator size_custom\" style=\"height:50px\"><\/div><div class=\"w-separator size_custom\" style=\"height:20px\"><\/div><div class=\"w-separator size_custom with_line width_default thick_1 style_solid color_border align_center\" style=\"height:5px\"><div class=\"w-separator-h\"><\/div><\/div><div class=\"w-separator size_custom with_line width_default thick_1 style_solid color_border align_center\" style=\"height:20px\"><div class=\"w-separator-h\"><\/div><\/div><div class=\"wpb_text_column\"><div class=\"wpb_wrapper\"><table style=\"width: 100%;\">\n<tbody>\n<tr>\n<th>PEPSI \/ PEPSI MAX \/ 7UP \/ MIRINDA 0.85L<\/th>\n<th class=\"cena\">10 z\u0142<\/th>\n<\/tr>\n<tr>\n<td><\/td>\n<td class=\"cena\"><\/td>\n<\/tr>\n<tr>\n<th>SOK POMARA\u0143CZOWY \/ SOK JAB\u0141KOWY 1L<\/th>\n<th class=\"cena\">10 z\u0142<\/th>\n<\/tr>\n<\/tbody>\n<\/table>\n<\/div><\/div><div class=\"w-separator size_custom\" style=\"height:20px\"><\/div><div class=\"w-separator size_custom with_line width_default thick_1 style_solid color_border align_center\" style=\"height:5px\"><div class=\"w-separator-h\"><\/div><\/div><div class=\"w-separator size_custom with_line width_default thick_1 style_solid color_border align_center\" style=\"height:20px\"><div class=\"w-separator-h\"><\/div><\/div><div class=\"w-separator size_custom\" style=\"height:50px\"><\/div><div class=\"wpb_text_column us_custom_492179a4 menu-category\" id=\"piwa\"><div class=\"wpb_wrapper\"><h3 style=\"text-align: center;\"><strong>Piwa<\/strong><\/h3>\n<\/div><\/div><div class=\"w-separator size_custom\" style=\"height:50px\"><\/div><div class=\"w-separator size_custom\" style=\"height:20px\"><\/div><div class=\"w-separator size_custom with_line width_default thick_1 style_solid color_border align_center\" style=\"height:5px\"><div class=\"w-separator-h\"><\/div><\/div><div class=\"w-separator size_custom with_line width_default thick_1 style_solid color_border align_center\" style=\"height:20px\"><div class=\"w-separator-h\"><\/div><\/div><div class=\"wpb_text_column\"><div class=\"wpb_wrapper\"><table style=\"width: 100%;\">\n<tbody>\n<tr>\n<th>TYSKIE 0,5L<\/th>\n<th class=\"cena\">12 z\u0142<\/th>\n<\/tr>\n<tr>\n<td><\/td>\n<td class=\"cena\"><\/td>\n<\/tr>\n<tr>\n<th>KSI\u0104\u017b\u0118CE PSZENICZNE 0,5L<\/th>\n<th class=\"cena\">12 z\u0142<\/th>\n<\/tr>\n<tr>\n<td><\/td>\n<td class=\"cena\"><\/td>\n<\/tr>\n<tr>\n<th>MORETTI (W\u0141OSKIE, JASNE PIWO) 0,33L<\/th>\n<th class=\"cena\">13 z\u0142<\/th>\n<\/tr>\n<tr>\n<td><\/td>\n<td class=\"cena\"><\/td>\n<\/tr>\n<tr>\n<th><\/th>\n<th class=\"cena\"><\/th>\n<\/tr>\n<\/tbody>\n<\/table>\n<\/div><\/div><div class=\"w-hwrapper align_center valign_top\" style=\"--hwrapper-gap:0.5rem\"><div class=\"w-image us_custom_f33fbd3f align_none\"><a href=\"https:\/\/napolikoszalin.pl\/restauracja\/zamow-online-pizza-pasta\/\" aria-label=\"Odno\u015bnik\" class=\"w-image-h\"><img width=\"131\" height=\"131\" src=\"https:\/\/napolikoszalin.pl\/restauracja\/wp-content\/uploads\/2023\/01\/strzalka-zielona.png\" class=\"attachment-full size-full\" alt=\"\" decoding=\"async\" loading=\"lazy\" \/><\/a><\/div><div class=\"w-btn-wrapper align_none\"><a class=\"w-btn us-btn-style_1 us_custom_492179a4 pizza-order\" href=\"https:\/\/napolikoszalin.pl\/restauracja\/zamow-online-pizza-pasta\/\"><span class=\"w-btn-label\">Zamawiaj<\/span><\/a><\/div><\/div><\/div><\/div><\/div><\/div><\/div><\/section><section class=\"l-section wpb_row height_small\"><div class=\"l-section-h i-cf\"><div class=\"g-cols vc_row via_flex valign_top type_default stacking_default\"><div class=\"vc_col-sm-12 wpb_column vc_column_container\"><div class=\"vc_column-inner\"><div class=\"wpb_wrapper\"><div class=\"wpb_text_column\"><div class=\"wpb_wrapper\"><p style=\"text-align: center;\"><a href=\"https:\/\/napolikoszalin.pl\/restauracja\/wp-content\/uploads\/2024\/09\/Alergenypizza.doc\">Sprawd\u017a alergeny<\/a><\/p>\n<\/div><\/div><\/div><\/div><\/div><\/div><\/div><\/section>\n","protected":false},"excerpt":{"rendered":"Sprawd\u017a nasze menu PizzaDodatkiNapojePiwaPizzaDodatkiNapojePiwaROZMIARY PIZZY: 32\/42 cm * cena ma\u0142ej pizzy (32cm) \/ cena du\u017cej\u00a0 (42cm) ** do ka\u017cdej pizzy nale\u017cy doliczy\u0107 koszt opakowa\u0144 32cm - 2 z\u0142\/ 42 cm - 3 z\u0142 Pizza MARGHERITA Sos pomidorowy, ser grana padano, mozarella, \u015bwie\u017ca bazylia, oliwa 29\/45 z\u0142 FUNGHI Sos pomidorowy, mozarella, pieczarki, oregano 31\/47 z\u0142 RUCOLINA...","protected":false},"author":1,"featured_media":0,"parent":0,"menu_order":0,"comment_status":"closed","ping_status":"closed","template":"","meta":[],"_links":{"self":[{"href":"https:\/\/napolikoszalin.pl\/restauracja\/wp-json\/wp\/v2\/pages\/3885"}],"collection":[{"href":"https:\/\/napolikoszalin.pl\/restauracja\/wp-json\/wp\/v2\/pages"}],"about":[{"href":"https:\/\/napolikoszalin.pl\/restauracja\/wp-json\/wp\/v2\/types\/page"}],"author":[{"embeddable":true,"href":"https:\/\/napolikoszalin.pl\/restauracja\/wp-json\/wp\/v2\/users\/1"}],"replies":[{"embeddable":true,"href":"https:\/\/napolikoszalin.pl\/restauracja\/wp-json\/wp\/v2\/comments?post=3885"}],"version-history":[{"count":52,"href":"https:\/\/napolikoszalin.pl\/restauracja\/wp-json\/wp\/v2\/pages\/3885\/revisions"}],"predecessor-version":[{"id":4517,"href":"https:\/\/napolikoszalin.pl\/restauracja\/wp-json\/wp\/v2\/pages\/3885\/revisions\/4517"}],"wp:attachment":[{"href":"https:\/\/napolikoszalin.pl\/restauracja\/wp-json\/wp\/v2\/media?parent=3885"}],"curies":[{"name":"wp","href":"https:\/\/api.w.org\/{rel}","templated":true}]}}